{"id":1041,"date":"2023-02-23T08:25:19","date_gmt":"2023-02-23T08:25:19","guid":{"rendered":"https:\/\/aresalaminos.com\/?page_id=1041"},"modified":"2023-03-20T15:26:20","modified_gmt":"2023-03-20T15:26:20","slug":"ansiedad","status":"publish","type":"page","link":"https:\/\/aresalaminos.com\/es\/ansiedad\/","title":{"rendered":"Ansiedad"},"content":{"rendered":"\t\t<div data-elementor-type=\"wp-page\" data-elementor-id=\"1041\" class=\"elementor elementor-1041\">\n\t\t\t\t\t\t<section class=\"elementor-section elementor-top-section elementor-element elementor-element-7551b6d elementor-section-full_width elementor-section-height-default elementor-section-height-default\" data-id=\"7551b6d\" data-element_type=\"section\" data-e-type=\"section\">\n\t\t\t\t\t\t<div class=\"elementor-container elementor-column-gap-no\">\n\t\t\t\t\t<div class=\"elementor-column elementor-col-100 elementor-top-column elementor-element elementor-element-e7f2a5a\" data-id=\"e7f2a5a\" data-element_type=\"column\" data-e-type=\"column\">\n\t\t\t<div class=\"elementor-widget-wrap elementor-element-populated\">\n\t\t\t\t\t\t<div class=\"elementor-element elementor-element-3a2dddb elementor-align-center elementor-widget elementor-widget-pages-header\" data-id=\"3a2dddb\" data-element_type=\"widget\" data-e-type=\"widget\" data-widget_type=\"pages-header.default\">\n\t\t\t\t<div class=\"elementor-widget-container\">\n\t\t\t\t\t\r\n\t\t\t\t<section class=\"page-title-section\" style=\"background-image: url(https:\/\/aresalaminos.com\/wp-content\/uploads\/2023\/02\/banner-header-2.jpg);\">\r\n\t\t\t\t\t<div class=\"container\">\r\n\t\t\t\t<div class=\"row\">\r\n\t\t\t\t\t<div class=\"col-xl-12\">\r\n\t\t\t\t\t\t<div class=\"breadcrumb-area\">\r\n\t\t\t\t\t\t\t\t\t\t\t\t\t\t<h2 class=\"page-title\">Ansiedad<\/h2>\r\n\t\t\t\t\t\t\t\t\t\t\t\t\t\t<ul class=\"breadcrumbs-link\">\r\n\t\t\t\t\t\t\t\t\t\t\t\t\t\t\t\t\t\t\t\t\t\t\t<\/ul>\r\n\t\t\t\t\t\t<\/div>\r\n\t\t\t\t\t<\/div>\r\n\t\t\t\t<\/div>\r\n\t\t\t<\/div>\r\n\t\t<\/section>\r\n\r\n\t\t\t\t\t<\/div>\n\t\t\t\t<\/div>\n\t\t\t\t\t<\/div>\n\t\t<\/div>\n\t\t\t\t\t<\/div>\n\t\t<\/section>\n\t\t\t\t<section class=\"elementor-section elementor-top-section elementor-element elementor-element-e45b2b7 elementor-section-boxed elementor-section-height-default elementor-section-height-default\" data-id=\"e45b2b7\" data-element_type=\"section\" data-e-type=\"section\">\n\t\t\t\t\t\t<div class=\"elementor-container elementor-column-gap-default\">\n\t\t\t\t\t<div class=\"elementor-column elementor-col-50 elementor-top-column elementor-element elementor-element-9b535be\" data-id=\"9b535be\" data-element_type=\"column\" data-e-type=\"column\">\n\t\t\t<div class=\"elementor-widget-wrap elementor-element-populated\">\n\t\t\t\t\t\t<div class=\"elementor-element elementor-element-0a3c07c elementor-widget elementor-widget-image\" data-id=\"0a3c07c\" data-element_type=\"widget\" data-e-type=\"widget\" data-widget_type=\"image.default\">\n\t\t\t\t<div class=\"elementor-widget-container\">\n\t\t\t\t\t\t\t\t\t\t\t\t\t\t\t<img fetchpriority=\"high\" decoding=\"async\" width=\"570\" height=\"510\" src=\"https:\/\/aresalaminos.com\/wp-content\/uploads\/2023\/02\/ansiedad.jpg\" class=\"attachment-large size-large wp-image-1154\" alt=\"\" srcset=\"https:\/\/aresalaminos.com\/wp-content\/uploads\/2023\/02\/ansiedad.jpg 570w, https:\/\/aresalaminos.com\/wp-content\/uploads\/2023\/02\/ansiedad-300x268.jpg 300w\" sizes=\"(max-width: 570px) 100vw, 570px\" \/>\t\t\t\t\t\t\t\t\t\t\t\t\t\t\t<\/div>\n\t\t\t\t<\/div>\n\t\t\t\t\t<\/div>\n\t\t<\/div>\n\t\t\t\t<div class=\"elementor-column elementor-col-50 elementor-top-column elementor-element elementor-element-570a347\" data-id=\"570a347\" data-element_type=\"column\" data-e-type=\"column\">\n\t\t\t<div class=\"elementor-widget-wrap elementor-element-populated\">\n\t\t\t\t\t\t<div class=\"elementor-element elementor-element-2227844 elementor-widget elementor-widget-heading\" data-id=\"2227844\" data-element_type=\"widget\" data-e-type=\"widget\" data-widget_type=\"heading.default\">\n\t\t\t\t<div class=\"elementor-widget-container\">\n\t\t\t\t\t<h2 class=\"elementor-heading-title elementor-size-default\">Ansiedad<\/h2>\t\t\t\t<\/div>\n\t\t\t\t<\/div>\n\t\t\t\t<div class=\"elementor-element elementor-element-752a0b5 elementor-widget elementor-widget-text-editor\" data-id=\"752a0b5\" data-element_type=\"widget\" data-e-type=\"widget\" data-widget_type=\"text-editor.default\">\n\t\t\t\t<div class=\"elementor-widget-container\">\n\t\t\t\t\t\t\t\t\t<p>La ansiedad o angustia es una reacci\u00f3n normal que se activa cuando debe hacer frente con una amenaza o peligro que est\u00e1 ocurriendo en el presente o que va a pasar en un futuro. Ayuda al organismo a prepararse para hacer frente con algo importante. Es por tanto, una reacci\u00f3n natural de alarma ante la percepci\u00f3n de p\u00e9rdida de control sobre el entorno. La problem\u00e1tica comienza cuando las personas experimentan esta sensaci\u00f3n excesivamente intensa y\/o frecuente frente a situaciones cotidianas. La ansiedad comienza a interferir en la realizaci\u00f3n de actividades y autonom\u00eda de la propia persona.<\/p>\t\t\t\t\t\t\t\t<\/div>\n\t\t\t\t<\/div>\n\t\t\t\t\t<\/div>\n\t\t<\/div>\n\t\t\t\t\t<\/div>\n\t\t<\/section>\n\t\t\t\t<\/div>\n\t\t","protected":false},"excerpt":{"rendered":"<p>Ansiedad Ansiedad La ansiedad o angustia es una reacci\u00f3n normal que se activa cuando debe hacer frente con una amenaza o peligro que est\u00e1 ocurriendo en el presente o que va a pasar en un futuro. Ayuda al organismo a prepararse para hacer frente con algo importante. Es por tanto, una reacci\u00f3n natural de alarma [&hellip;]<\/p>\n","protected":false},"author":4,"featured_media":0,"parent":0,"menu_order":0,"comment_status":"closed","ping_status":"closed","template":"elementor_header_footer","meta":{"footnotes":""},"class_list":["post-1041","page","type-page","status-publish","hentry"],"yoast_head":"<!-- This site is optimized with the Yoast SEO plugin v27.3 - https:\/\/yoast.com\/product\/yoast-seo-wordpress\/ -->\n<title>Psic\u00f3loga Especializada en la Ansiedad- Ares Alaminos<\/title>\n<meta name=\"description\" content=\"La ansiedad o angustia es una reacci\u00f3n normal que se activa cuando debe hacer frente con una amenaza o peligro que est\u00e1 ocurriendo\" \/>\n<meta name=\"robots\" content=\"index, follow, max-snippet:-1, max-image-preview:large, max-video-preview:-1\" \/>\n<link rel=\"canonical\" href=\"https:\/\/aresalaminos.com\/es\/ansiedad\/\" \/>\n<meta property=\"og:locale\" content=\"es_ES\" \/>\n<meta property=\"og:type\" content=\"article\" \/>\n<meta property=\"og:title\" content=\"Psic\u00f3loga Especializada en la Ansiedad- Ares Alaminos\" \/>\n<meta property=\"og:description\" content=\"La ansiedad o angustia es una reacci\u00f3n normal que se activa cuando debe hacer frente con una amenaza o peligro que est\u00e1 ocurriendo\" \/>\n<meta property=\"og:url\" content=\"https:\/\/aresalaminos.com\/es\/ansiedad\/\" \/>\n<meta property=\"og:site_name\" content=\"Ares Alaminos\" \/>\n<meta property=\"article:modified_time\" content=\"2023-03-20T15:26:20+00:00\" \/>\n<meta property=\"og:image\" content=\"https:\/\/aresalaminos.com\/wp-content\/uploads\/2023\/02\/ansiedad.jpg\" \/>\n<meta name=\"twitter:card\" content=\"summary_large_image\" \/>\n<meta name=\"twitter:label1\" content=\"Tiempo de lectura\" \/>\n\t<meta name=\"twitter:data1\" content=\"1 minuto\" \/>\n<script type=\"application\/ld+json\" class=\"yoast-schema-graph\">{\"@context\":\"https:\\\/\\\/schema.org\",\"@graph\":[{\"@type\":\"WebPage\",\"@id\":\"https:\\\/\\\/aresalaminos.com\\\/es\\\/ansiedad\\\/\",\"url\":\"https:\\\/\\\/aresalaminos.com\\\/es\\\/ansiedad\\\/\",\"name\":\"Psic\u00f3loga Especializada en la Ansiedad- Ares Alaminos\",\"isPartOf\":{\"@id\":\"https:\\\/\\\/aresalaminos.com\\\/es\\\/ca\\\/#website\"},\"primaryImageOfPage\":{\"@id\":\"https:\\\/\\\/aresalaminos.com\\\/es\\\/ansiedad\\\/#primaryimage\"},\"image\":{\"@id\":\"https:\\\/\\\/aresalaminos.com\\\/es\\\/ansiedad\\\/#primaryimage\"},\"thumbnailUrl\":\"https:\\\/\\\/aresalaminos.com\\\/wp-content\\\/uploads\\\/2023\\\/02\\\/ansiedad.jpg\",\"datePublished\":\"2023-02-23T08:25:19+00:00\",\"dateModified\":\"2023-03-20T15:26:20+00:00\",\"description\":\"La ansiedad o angustia es una reacci\u00f3n normal que se activa cuando debe hacer frente con una amenaza o peligro que est\u00e1 ocurriendo\",\"breadcrumb\":{\"@id\":\"https:\\\/\\\/aresalaminos.com\\\/es\\\/ansiedad\\\/#breadcrumb\"},\"inLanguage\":\"es\",\"potentialAction\":[{\"@type\":\"ReadAction\",\"target\":[\"https:\\\/\\\/aresalaminos.com\\\/es\\\/ansiedad\\\/\"]}]},{\"@type\":\"ImageObject\",\"inLanguage\":\"es\",\"@id\":\"https:\\\/\\\/aresalaminos.com\\\/es\\\/ansiedad\\\/#primaryimage\",\"url\":\"https:\\\/\\\/aresalaminos.com\\\/wp-content\\\/uploads\\\/2023\\\/02\\\/ansiedad.jpg\",\"contentUrl\":\"https:\\\/\\\/aresalaminos.com\\\/wp-content\\\/uploads\\\/2023\\\/02\\\/ansiedad.jpg\"},{\"@type\":\"BreadcrumbList\",\"@id\":\"https:\\\/\\\/aresalaminos.com\\\/es\\\/ansiedad\\\/#breadcrumb\",\"itemListElement\":[{\"@type\":\"ListItem\",\"position\":1,\"name\":\"Portada\",\"item\":\"https:\\\/\\\/aresalaminos.com\\\/es\\\/\"},{\"@type\":\"ListItem\",\"position\":2,\"name\":\"Ansiedad\"}]},{\"@type\":\"WebSite\",\"@id\":\"https:\\\/\\\/aresalaminos.com\\\/es\\\/ca\\\/#website\",\"url\":\"https:\\\/\\\/aresalaminos.com\\\/es\\\/ca\\\/\",\"name\":\"Ares Alaminos\",\"description\":\"\",\"potentialAction\":[{\"@type\":\"SearchAction\",\"target\":{\"@type\":\"EntryPoint\",\"urlTemplate\":\"https:\\\/\\\/aresalaminos.com\\\/es\\\/ca\\\/?s={search_term_string}\"},\"query-input\":{\"@type\":\"PropertyValueSpecification\",\"valueRequired\":true,\"valueName\":\"search_term_string\"}}],\"inLanguage\":\"es\"}]}<\/script>\n<!-- \/ Yoast SEO plugin. -->","yoast_head_json":{"title":"Psic\u00f3loga Especializada en la Ansiedad- Ares Alaminos","description":"La ansiedad o angustia es una reacci\u00f3n normal que se activa cuando debe hacer frente con una amenaza o peligro que est\u00e1 ocurriendo","robots":{"index":"index","follow":"follow","max-snippet":"max-snippet:-1","max-image-preview":"max-image-preview:large","max-video-preview":"max-video-preview:-1"},"canonical":"https:\/\/aresalaminos.com\/es\/ansiedad\/","og_locale":"es_ES","og_type":"article","og_title":"Psic\u00f3loga Especializada en la Ansiedad- Ares Alaminos","og_description":"La ansiedad o angustia es una reacci\u00f3n normal que se activa cuando debe hacer frente con una amenaza o peligro que est\u00e1 ocurriendo","og_url":"https:\/\/aresalaminos.com\/es\/ansiedad\/","og_site_name":"Ares Alaminos","article_modified_time":"2023-03-20T15:26:20+00:00","og_image":[{"url":"https:\/\/aresalaminos.com\/wp-content\/uploads\/2023\/02\/ansiedad.jpg","type":"","width":"","height":""}],"twitter_card":"summary_large_image","twitter_misc":{"Tiempo de lectura":"1 minuto"},"schema":{"@context":"https:\/\/schema.org","@graph":[{"@type":"WebPage","@id":"https:\/\/aresalaminos.com\/es\/ansiedad\/","url":"https:\/\/aresalaminos.com\/es\/ansiedad\/","name":"Psic\u00f3loga Especializada en la Ansiedad- Ares Alaminos","isPartOf":{"@id":"https:\/\/aresalaminos.com\/es\/ca\/#website"},"primaryImageOfPage":{"@id":"https:\/\/aresalaminos.com\/es\/ansiedad\/#primaryimage"},"image":{"@id":"https:\/\/aresalaminos.com\/es\/ansiedad\/#primaryimage"},"thumbnailUrl":"https:\/\/aresalaminos.com\/wp-content\/uploads\/2023\/02\/ansiedad.jpg","datePublished":"2023-02-23T08:25:19+00:00","dateModified":"2023-03-20T15:26:20+00:00","description":"La ansiedad o angustia es una reacci\u00f3n normal que se activa cuando debe hacer frente con una amenaza o peligro que est\u00e1 ocurriendo","breadcrumb":{"@id":"https:\/\/aresalaminos.com\/es\/ansiedad\/#breadcrumb"},"inLanguage":"es","potentialAction":[{"@type":"ReadAction","target":["https:\/\/aresalaminos.com\/es\/ansiedad\/"]}]},{"@type":"ImageObject","inLanguage":"es","@id":"https:\/\/aresalaminos.com\/es\/ansiedad\/#primaryimage","url":"https:\/\/aresalaminos.com\/wp-content\/uploads\/2023\/02\/ansiedad.jpg","contentUrl":"https:\/\/aresalaminos.com\/wp-content\/uploads\/2023\/02\/ansiedad.jpg"},{"@type":"BreadcrumbList","@id":"https:\/\/aresalaminos.com\/es\/ansiedad\/#breadcrumb","itemListElement":[{"@type":"ListItem","position":1,"name":"Portada","item":"https:\/\/aresalaminos.com\/es\/"},{"@type":"ListItem","position":2,"name":"Ansiedad"}]},{"@type":"WebSite","@id":"https:\/\/aresalaminos.com\/es\/ca\/#website","url":"https:\/\/aresalaminos.com\/es\/ca\/","name":"Ares Alaminos","description":"","potentialAction":[{"@type":"SearchAction","target":{"@type":"EntryPoint","urlTemplate":"https:\/\/aresalaminos.com\/es\/ca\/?s={search_term_string}"},"query-input":{"@type":"PropertyValueSpecification","valueRequired":true,"valueName":"search_term_string"}}],"inLanguage":"es"}]}},"_links":{"self":[{"href":"https:\/\/aresalaminos.com\/es\/wp-json\/wp\/v2\/pages\/1041","targetHints":{"allow":["GET"]}}],"collection":[{"href":"https:\/\/aresalaminos.com\/es\/wp-json\/wp\/v2\/pages"}],"about":[{"href":"https:\/\/aresalaminos.com\/es\/wp-json\/wp\/v2\/types\/page"}],"author":[{"embeddable":true,"href":"https:\/\/aresalaminos.com\/es\/wp-json\/wp\/v2\/users\/4"}],"replies":[{"embeddable":true,"href":"https:\/\/aresalaminos.com\/es\/wp-json\/wp\/v2\/comments?post=1041"}],"version-history":[{"count":1,"href":"https:\/\/aresalaminos.com\/es\/wp-json\/wp\/v2\/pages\/1041\/revisions"}],"predecessor-version":[{"id":1922,"href":"https:\/\/aresalaminos.com\/es\/wp-json\/wp\/v2\/pages\/1041\/revisions\/1922"}],"wp:attachment":[{"href":"https:\/\/aresalaminos.com\/es\/wp-json\/wp\/v2\/media?parent=1041"}],"curies":[{"name":"wp","href":"https:\/\/api.w.org\/{rel}","templated":true}]}}