{"id":110,"date":"2022-08-25T08:01:45","date_gmt":"2022-08-25T08:01:45","guid":{"rendered":"https:\/\/shtheme.com\/demosd\/insuren\/?page_id=110"},"modified":"2024-02-26T15:21:43","modified_gmt":"2024-02-26T15:21:43","slug":"home-1","status":"publish","type":"page","link":"https:\/\/aresalaminos.com\/es\/","title":{"rendered":"Inicio"},"content":{"rendered":"\t\t<div data-elementor-type=\"wp-page\" data-elementor-id=\"110\" class=\"elementor elementor-110\">\n\t\t\t\t\t\t<section class=\"elementor-section elementor-top-section elementor-element elementor-element-f1551ea elementor-section-full_width elementor-section-height-default elementor-section-height-default\" data-id=\"f1551ea\" data-element_type=\"section\" data-e-type=\"section\">\n\t\t\t\t\t\t<div class=\"elementor-container elementor-column-gap-no\">\n\t\t\t\t\t<div class=\"elementor-column elementor-col-100 elementor-top-column elementor-element elementor-element-46371d3\" data-id=\"46371d3\" data-element_type=\"column\" data-e-type=\"column\">\n\t\t\t<div class=\"elementor-widget-wrap elementor-element-populated\">\n\t\t\t\t\t\t<div class=\"elementor-element elementor-element-0d5ca37 elementor-align-left elementor-widget elementor-widget-home-1-slider\" data-id=\"0d5ca37\" data-element_type=\"widget\" data-e-type=\"widget\" data-widget_type=\"home-1-slider.default\">\n\t\t\t\t<div class=\"elementor-widget-container\">\n\t\t\t\t\t\r\n\t\t<section class=\"home_banner_02\">\r\n\t\t\t<div class=\"home-carousel owl-theme owl-carousel\">\r\n\t\t\t\t\t\t\t\t\t<div class=\"slide-item\">\r\n\t\t\t\t\t\t\t\t\t\t\t\t<div class=\"image-layer\" data-background=\"https:\/\/aresalaminos.com\/wp-content\/uploads\/2023\/03\/sliderr11.jpg\"><\/div>\r\n\t\t\t\t\t\t\t\t\t\t\t\t<div class=\"auto-container\">\r\n\t\t\t\t\t\t\t<div class=\"row clearfix\">\r\n\t\t\t\t\t\t\t\t<div class=\"col-xl-8 col-lg-12 col-md-12 content-column\">\r\n\t\t\t\t\t\t\t\t\t<div class=\"content-box\">\r\n\t\t\t\t\t\t\t\t\t\t\t\t\t\t\t\t\t\t\t\t<h1 class=\"home-carousel-title\"><img decoding=\"async\" style=\"width:30px\" src=\"\/wp-content\/uploads\/quote1.png\" \/>Aprende a elegirte siempre\n<div class=\"div-right-custom\">\n<img decoding=\"async\" class=\"right-custom\" style=\"width:30px\" src=\"\/wp-content\/uploads\/quote2.png\" \/>\n<\/div><\/h1>\r\n\t\t\t\t\t\t\t\t\t\t\t\t\t\t\t\t\t\t\t\t\t\t\t\t\t\t\t\t\t\t<p class=\"home-carousel-text\"><span class=\"title\">Ares Alaminos Traveset<\/span><br \/>\nPsic\u00f3loga General Sanitaria<br \/>\nN\u00fam col. 27363<\/p>\r\n\t\t\t\t\t\t\t\t\t\t\t\t\t\t\t\t\t\t\t\t\t\t\t\t\t\t\t\t\t\t<div class=\"btn-box\">\r\n\t\t\t\t\t\t\t\t\t\t\t<a href=\"\/contacto\" class=\"cs-btn-one btn-primary-color\">Contactar<\/a>\r\n\t\t\t\t\t\t\t\t\t\t<\/div>\r\n\t\t\t\t\t\t\t\t\t\t\t\t\t\t\t\t\t\t\t<\/div>\r\n\t\t\t\t\t\t\t\t<\/div>\r\n\t\t\t\t\t\t\t<\/div>\r\n\t\t\t\t\t\t<\/div>\r\n\t\t\t\t\t\t\t\t\t\t\t\t<div class=\"home-bottom-shape\">\r\n\t\t\t\t\t\t\t<img decoding=\"async\" src=\"https:\/\/shtheme.com\/demosd\/insuren\/wp-content\/uploads\/2022\/11\/home-bottom-shape.png\" alt=\"Image\">\r\n\t\t\t\t\t\t<\/div>\r\n\t\t\t\t\t\t\t\t\t\t\t\t\t\t\t\t\t\t<div class=\"shape shape-1\" data-speed=\"0.02\" data-revert=\"true\">\r\n\t\t\t\t\t\t\t<img decoding=\"async\" src=\"https:\/\/aresalaminos.com\/wp-content\/uploads\/2023\/01\/4.png\" alt=\"Image\">\r\n\t\t\t\t\t\t<\/div>\r\n\t\t\t\t\t\t\t\t\t\t\t\t\t\t\t\t\t<\/div>\r\n\t\t\t\t\t\t\t<\/div>\r\n\t\t<\/section>\r\n\r\n\t\t\t\t\t<\/div>\n\t\t\t\t<\/div>\n\t\t\t\t\t<\/div>\n\t\t<\/div>\n\t\t\t\t\t<\/div>\n\t\t<\/section>\n\t\t\t\t<section class=\"elementor-section elementor-top-section elementor-element elementor-element-77e29be elementor-section-boxed elementor-section-height-default elementor-section-height-default\" data-id=\"77e29be\" data-element_type=\"section\" data-e-type=\"section\">\n\t\t\t\t\t\t<div class=\"elementor-container elementor-column-gap-default\">\n\t\t\t\t\t<div class=\"elementor-column elementor-col-50 elementor-top-column elementor-element elementor-element-0cc92c4\" data-id=\"0cc92c4\" data-element_type=\"column\" data-e-type=\"column\">\n\t\t\t<div class=\"elementor-widget-wrap elementor-element-populated\">\n\t\t\t\t\t\t<div class=\"elementor-element elementor-element-f1a3631 elementor-widget elementor-widget-image\" data-id=\"f1a3631\" data-element_type=\"widget\" data-e-type=\"widget\" data-widget_type=\"image.default\">\n\t\t\t\t<div class=\"elementor-widget-container\">\n\t\t\t\t\t\t\t\t\t\t\t\t\t\t\t<img fetchpriority=\"high\" decoding=\"async\" width=\"558\" height=\"840\" src=\"https:\/\/aresalaminos.com\/wp-content\/uploads\/2023\/02\/ares-alaminos-psicologa.jpg\" class=\"attachment-full size-full wp-image-895\" alt=\"\" srcset=\"https:\/\/aresalaminos.com\/wp-content\/uploads\/2023\/02\/ares-alaminos-psicologa.jpg 558w, https:\/\/aresalaminos.com\/wp-content\/uploads\/2023\/02\/ares-alaminos-psicologa-199x300.jpg 199w\" sizes=\"(max-width: 558px) 100vw, 558px\" \/>\t\t\t\t\t\t\t\t\t\t\t\t\t\t\t<\/div>\n\t\t\t\t<\/div>\n\t\t\t\t\t<\/div>\n\t\t<\/div>\n\t\t\t\t<div class=\"elementor-column elementor-col-50 elementor-top-column elementor-element elementor-element-a0c16af\" data-id=\"a0c16af\" data-element_type=\"column\" data-e-type=\"column\">\n\t\t\t<div class=\"elementor-widget-wrap elementor-element-populated\">\n\t\t\t\t\t\t<div class=\"elementor-element elementor-element-cdf0b6e elementor-widget elementor-widget-heading\" data-id=\"cdf0b6e\" data-element_type=\"widget\" data-e-type=\"widget\" data-widget_type=\"heading.default\">\n\t\t\t\t<div class=\"elementor-widget-container\">\n\t\t\t\t\t<h2 class=\"elementor-heading-title elementor-size-default\">Introducci\u00f3n<\/h2>\t\t\t\t<\/div>\n\t\t\t\t<\/div>\n\t\t\t\t<div class=\"elementor-element elementor-element-e39ac40 elementor-widget elementor-widget-text-editor\" data-id=\"e39ac40\" data-element_type=\"widget\" data-e-type=\"widget\" data-widget_type=\"text-editor.default\">\n\t\t\t\t<div class=\"elementor-widget-container\">\n\t\t\t\t\t\t\t\t\t<p>A lo largo de nuestra vida pasamos por diferentes etapas que no siempre estamos preparados para manejar solos. Diferentes factores pueden influir en sufrir cualquier tipo de malestar emocional. En este punto, es importante poder identificarlo y pedir ayuda. Estamos acostumbrados a andar sin cesar, sin dar importancia a los hechos que nos hacen estar mal. Nunca es tarde, para empezar a darle valor a tu salud mental.<\/p><p>Mi objetivo es acompa\u00f1arte en todo este proceso. Un espacio donde te sientas c\u00f3modo, creando un clima de confianza y calidez.<\/p><p>Trabajaremos desde una vertiente integradora, entendiendo al paciente como el centro de la atenci\u00f3n terap\u00e9utica. Focalizando la terapia en el problema y las necesidades del paciente.<\/p>\t\t\t\t\t\t\t\t<\/div>\n\t\t\t\t<\/div>\n\t\t\t\t\t<\/div>\n\t\t<\/div>\n\t\t\t\t\t<\/div>\n\t\t<\/section>\n\t\t\t\t<section class=\"elementor-section elementor-top-section elementor-element elementor-element-3008c41 elementor-section-full_width elementor-section-stretched elementor-section-height-default elementor-section-height-default\" data-id=\"3008c41\" data-element_type=\"section\" data-e-type=\"section\" data-settings=\"{&quot;stretch_section&quot;:&quot;section-stretched&quot;,&quot;background_background&quot;:&quot;classic&quot;}\">\n\t\t\t\t\t\t<div class=\"elementor-container elementor-column-gap-no\">\n\t\t\t\t\t<div class=\"elementor-column elementor-col-50 elementor-top-column elementor-element elementor-element-e3b7a1e\" data-id=\"e3b7a1e\" data-element_type=\"column\" data-e-type=\"column\">\n\t\t\t<div class=\"elementor-widget-wrap elementor-element-populated\">\n\t\t\t\t\t\t<div class=\"elementor-element elementor-element-e52a8e9 elementor-widget elementor-widget-image\" data-id=\"e52a8e9\" data-element_type=\"widget\" data-e-type=\"widget\" data-widget_type=\"image.default\">\n\t\t\t\t<div class=\"elementor-widget-container\">\n\t\t\t\t\t\t\t\t\t\t\t\t\t\t\t<img decoding=\"async\" width=\"1920\" height=\"1280\" src=\"https:\/\/aresalaminos.com\/wp-content\/uploads\/2023\/02\/ares-alaminos-servicios.jpg\" class=\"attachment-full size-full wp-image-850\" alt=\"\" srcset=\"https:\/\/aresalaminos.com\/wp-content\/uploads\/2023\/02\/ares-alaminos-servicios.jpg 1920w, https:\/\/aresalaminos.com\/wp-content\/uploads\/2023\/02\/ares-alaminos-servicios-300x200.jpg 300w, https:\/\/aresalaminos.com\/wp-content\/uploads\/2023\/02\/ares-alaminos-servicios-1024x683.jpg 1024w, https:\/\/aresalaminos.com\/wp-content\/uploads\/2023\/02\/ares-alaminos-servicios-768x512.jpg 768w, https:\/\/aresalaminos.com\/wp-content\/uploads\/2023\/02\/ares-alaminos-servicios-1536x1024.jpg 1536w\" sizes=\"(max-width: 1920px) 100vw, 1920px\" \/>\t\t\t\t\t\t\t\t\t\t\t\t\t\t\t<\/div>\n\t\t\t\t<\/div>\n\t\t\t\t\t<\/div>\n\t\t<\/div>\n\t\t\t\t<div class=\"elementor-column elementor-col-50 elementor-top-column elementor-element elementor-element-941ca79\" data-id=\"941ca79\" data-element_type=\"column\" data-e-type=\"column\">\n\t\t\t<div class=\"elementor-widget-wrap elementor-element-populated\">\n\t\t\t\t\t\t<div class=\"elementor-element elementor-element-5b71aea elementor-widget elementor-widget-heading\" data-id=\"5b71aea\" data-element_type=\"widget\" data-e-type=\"widget\" data-widget_type=\"heading.default\">\n\t\t\t\t<div class=\"elementor-widget-container\">\n\t\t\t\t\t<h2 class=\"elementor-heading-title elementor-size-default\">Servicios<\/h2>\t\t\t\t<\/div>\n\t\t\t\t<\/div>\n\t\t\t\t<div class=\"elementor-element elementor-element-f1ed450 elementor-widget elementor-widget-text-editor\" data-id=\"f1ed450\" data-element_type=\"widget\" data-e-type=\"widget\" data-widget_type=\"text-editor.default\">\n\t\t\t\t<div class=\"elementor-widget-container\">\n\t\t\t\t\t\t\t\t\t<p>El enfoque de la terapia es sist\u00e9mico, teniendo en cuenta a la persona y su c\u00edrculo, pero fomentando su propio malestar.<\/p>\t\t\t\t\t\t\t\t<\/div>\n\t\t\t\t<\/div>\n\t\t\t\t<section class=\"elementor-section elementor-inner-section elementor-element elementor-element-62a9c0e elementor-section-boxed elementor-section-height-default elementor-section-height-default\" data-id=\"62a9c0e\" data-element_type=\"section\" data-e-type=\"section\">\n\t\t\t\t\t\t<div class=\"elementor-container elementor-column-gap-default\">\n\t\t\t\t\t<div class=\"elementor-column elementor-col-50 elementor-inner-column elementor-element elementor-element-b8efd81\" data-id=\"b8efd81\" data-element_type=\"column\" data-e-type=\"column\">\n\t\t\t<div class=\"elementor-widget-wrap elementor-element-populated\">\n\t\t\t\t\t\t<div class=\"elementor-element elementor-element-112b09f elementor-icon-list--layout-traditional elementor-list-item-link-full_width elementor-widget elementor-widget-icon-list\" data-id=\"112b09f\" data-element_type=\"widget\" data-e-type=\"widget\" data-widget_type=\"icon-list.default\">\n\t\t\t\t<div class=\"elementor-widget-container\">\n\t\t\t\t\t\t\t<ul class=\"elementor-icon-list-items\">\n\t\t\t\t\t\t\t<li class=\"elementor-icon-list-item\">\n\t\t\t\t\t\t\t\t\t\t\t<span class=\"elementor-icon-list-icon\">\n\t\t\t\t\t\t\t<i aria-hidden=\"true\" class=\"fas fa-check\"><\/i>\t\t\t\t\t\t<\/span>\n\t\t\t\t\t\t\t\t\t\t<span class=\"elementor-icon-list-text\">Acompa\u00f1amiento emocional<\/span>\n\t\t\t\t\t\t\t\t\t<\/li>\n\t\t\t\t\t\t\t\t<li class=\"elementor-icon-list-item\">\n\t\t\t\t\t\t\t\t\t\t\t<span class=\"elementor-icon-list-icon\">\n\t\t\t\t\t\t\t<i aria-hidden=\"true\" class=\"fas fa-check\"><\/i>\t\t\t\t\t\t<\/span>\n\t\t\t\t\t\t\t\t\t\t<span class=\"elementor-icon-list-text\">Ansiedad<\/span>\n\t\t\t\t\t\t\t\t\t<\/li>\n\t\t\t\t\t\t\t\t<li class=\"elementor-icon-list-item\">\n\t\t\t\t\t\t\t\t\t\t\t<span class=\"elementor-icon-list-icon\">\n\t\t\t\t\t\t\t<i aria-hidden=\"true\" class=\"fas fa-check\"><\/i>\t\t\t\t\t\t<\/span>\n\t\t\t\t\t\t\t\t\t\t<span class=\"elementor-icon-list-text\">Depresi\u00f3n<\/span>\n\t\t\t\t\t\t\t\t\t<\/li>\n\t\t\t\t\t\t\t\t<li class=\"elementor-icon-list-item\">\n\t\t\t\t\t\t\t\t\t\t\t<span class=\"elementor-icon-list-icon\">\n\t\t\t\t\t\t\t<i aria-hidden=\"true\" class=\"fas fa-check\"><\/i>\t\t\t\t\t\t<\/span>\n\t\t\t\t\t\t\t\t\t\t<span class=\"elementor-icon-list-text\">Tristeza<\/span>\n\t\t\t\t\t\t\t\t\t<\/li>\n\t\t\t\t\t\t\t\t<li class=\"elementor-icon-list-item\">\n\t\t\t\t\t\t\t\t\t\t\t<span class=\"elementor-icon-list-icon\">\n\t\t\t\t\t\t\t<i aria-hidden=\"true\" class=\"fas fa-check\"><\/i>\t\t\t\t\t\t<\/span>\n\t\t\t\t\t\t\t\t\t\t<span class=\"elementor-icon-list-text\">Procesos de duelo<\/span>\n\t\t\t\t\t\t\t\t\t<\/li>\n\t\t\t\t\t\t\t\t<li class=\"elementor-icon-list-item\">\n\t\t\t\t\t\t\t\t\t\t\t<span class=\"elementor-icon-list-icon\">\n\t\t\t\t\t\t\t<i aria-hidden=\"true\" class=\"fas fa-check\"><\/i>\t\t\t\t\t\t<\/span>\n\t\t\t\t\t\t\t\t\t\t<span class=\"elementor-icon-list-text\">Deficit en habilidades sociales<\/span>\n\t\t\t\t\t\t\t\t\t<\/li>\n\t\t\t\t\t\t\t\t<li class=\"elementor-icon-list-item\">\n\t\t\t\t\t\t\t\t\t\t\t<span class=\"elementor-icon-list-icon\">\n\t\t\t\t\t\t\t<i aria-hidden=\"true\" class=\"fas fa-check\"><\/i>\t\t\t\t\t\t<\/span>\n\t\t\t\t\t\t\t\t\t\t<span class=\"elementor-icon-list-text\">Autoestima<\/span>\n\t\t\t\t\t\t\t\t\t<\/li>\n\t\t\t\t\t\t\t\t<li class=\"elementor-icon-list-item\">\n\t\t\t\t\t\t\t\t\t\t\t<span class=\"elementor-icon-list-icon\">\n\t\t\t\t\t\t\t<i aria-hidden=\"true\" class=\"fas fa-check\"><\/i>\t\t\t\t\t\t<\/span>\n\t\t\t\t\t\t\t\t\t\t<span class=\"elementor-icon-list-text\">Miedos<\/span>\n\t\t\t\t\t\t\t\t\t<\/li>\n\t\t\t\t\t\t<\/ul>\n\t\t\t\t\t\t<\/div>\n\t\t\t\t<\/div>\n\t\t\t\t\t<\/div>\n\t\t<\/div>\n\t\t\t\t<div class=\"elementor-column elementor-col-50 elementor-inner-column elementor-element elementor-element-327ea7a\" data-id=\"327ea7a\" data-element_type=\"column\" data-e-type=\"column\">\n\t\t\t<div class=\"elementor-widget-wrap elementor-element-populated\">\n\t\t\t\t\t\t<div class=\"elementor-element elementor-element-28a2378 elementor-icon-list--layout-traditional elementor-list-item-link-full_width elementor-widget elementor-widget-icon-list\" data-id=\"28a2378\" data-element_type=\"widget\" data-e-type=\"widget\" data-widget_type=\"icon-list.default\">\n\t\t\t\t<div class=\"elementor-widget-container\">\n\t\t\t\t\t\t\t<ul class=\"elementor-icon-list-items\">\n\t\t\t\t\t\t\t<li class=\"elementor-icon-list-item\">\n\t\t\t\t\t\t\t\t\t\t\t<span class=\"elementor-icon-list-icon\">\n\t\t\t\t\t\t\t<i aria-hidden=\"true\" class=\"fas fa-check\"><\/i>\t\t\t\t\t\t<\/span>\n\t\t\t\t\t\t\t\t\t\t<span class=\"elementor-icon-list-text\">Estr\u00e9s<\/span>\n\t\t\t\t\t\t\t\t\t<\/li>\n\t\t\t\t\t\t\t\t<li class=\"elementor-icon-list-item\">\n\t\t\t\t\t\t\t\t\t\t\t<span class=\"elementor-icon-list-icon\">\n\t\t\t\t\t\t\t<i aria-hidden=\"true\" class=\"fas fa-check\"><\/i>\t\t\t\t\t\t<\/span>\n\t\t\t\t\t\t\t\t\t\t<span class=\"elementor-icon-list-text\">Traumas<\/span>\n\t\t\t\t\t\t\t\t\t<\/li>\n\t\t\t\t\t\t\t\t<li class=\"elementor-icon-list-item\">\n\t\t\t\t\t\t\t\t\t\t\t<span class=\"elementor-icon-list-icon\">\n\t\t\t\t\t\t\t<i aria-hidden=\"true\" class=\"fas fa-check\"><\/i>\t\t\t\t\t\t<\/span>\n\t\t\t\t\t\t\t\t\t\t<span class=\"elementor-icon-list-text\">Problemas familiares<\/span>\n\t\t\t\t\t\t\t\t\t<\/li>\n\t\t\t\t\t\t\t\t<li class=\"elementor-icon-list-item\">\n\t\t\t\t\t\t\t\t\t\t\t<span class=\"elementor-icon-list-icon\">\n\t\t\t\t\t\t\t<i aria-hidden=\"true\" class=\"fas fa-check\"><\/i>\t\t\t\t\t\t<\/span>\n\t\t\t\t\t\t\t\t\t\t<span class=\"elementor-icon-list-text\">Cambios vitales<\/span>\n\t\t\t\t\t\t\t\t\t<\/li>\n\t\t\t\t\t\t\t\t<li class=\"elementor-icon-list-item\">\n\t\t\t\t\t\t\t\t\t\t\t<span class=\"elementor-icon-list-icon\">\n\t\t\t\t\t\t\t<i aria-hidden=\"true\" class=\"fas fa-check\"><\/i>\t\t\t\t\t\t<\/span>\n\t\t\t\t\t\t\t\t\t\t<span class=\"elementor-icon-list-text\">Terapia individual<\/span>\n\t\t\t\t\t\t\t\t\t<\/li>\n\t\t\t\t\t\t\t\t<li class=\"elementor-icon-list-item\">\n\t\t\t\t\t\t\t\t\t\t\t<span class=\"elementor-icon-list-icon\">\n\t\t\t\t\t\t\t<i aria-hidden=\"true\" class=\"fas fa-check\"><\/i>\t\t\t\t\t\t<\/span>\n\t\t\t\t\t\t\t\t\t\t<span class=\"elementor-icon-list-text\">Terapia de pareja<\/span>\n\t\t\t\t\t\t\t\t\t<\/li>\n\t\t\t\t\t\t\t\t<li class=\"elementor-icon-list-item\">\n\t\t\t\t\t\t\t\t\t\t\t<span class=\"elementor-icon-list-icon\">\n\t\t\t\t\t\t\t<i aria-hidden=\"true\" class=\"fas fa-check\"><\/i>\t\t\t\t\t\t<\/span>\n\t\t\t\t\t\t\t\t\t\t<span class=\"elementor-icon-list-text\">Familiar<\/span>\n\t\t\t\t\t\t\t\t\t<\/li>\n\t\t\t\t\t\t<\/ul>\n\t\t\t\t\t\t<\/div>\n\t\t\t\t<\/div>\n\t\t\t\t\t<\/div>\n\t\t<\/div>\n\t\t\t\t\t<\/div>\n\t\t<\/section>\n\t\t\t\t\t<\/div>\n\t\t<\/div>\n\t\t\t\t\t<\/div>\n\t\t<\/section>\n\t\t\t\t<section class=\"elementor-section elementor-top-section elementor-element elementor-element-487f657 elementor-section-full_width elementor-section-height-default elementor-section-height-default\" data-id=\"487f657\" data-element_type=\"section\" data-e-type=\"section\">\n\t\t\t\t\t\t<div class=\"elementor-container elementor-column-gap-no\">\n\t\t\t\t\t<div class=\"elementor-column elementor-col-100 elementor-top-column elementor-element elementor-element-d9bb3fb\" data-id=\"d9bb3fb\" data-element_type=\"column\" data-e-type=\"column\">\n\t\t\t<div class=\"elementor-widget-wrap\">\n\t\t\t\t\t\t\t<\/div>\n\t\t<\/div>\n\t\t\t\t\t<\/div>\n\t\t<\/section>\n\t\t\t\t<\/div>\n\t\t","protected":false},"excerpt":{"rendered":"<p>Aprende a elegirte siempre Ares Alaminos Traveset Psic\u00f3loga General Sanitaria N\u00fam col. 27363 Contactar Introducci\u00f3n A lo largo de nuestra vida pasamos por diferentes etapas que no siempre estamos preparados para manejar solos. Diferentes factores pueden influir en sufrir cualquier tipo de malestar emocional. En este punto, es importante poder identificarlo y pedir ayuda. Estamos [&hellip;]<\/p>\n","protected":false},"author":4,"featured_media":0,"parent":0,"menu_order":0,"comment_status":"closed","ping_status":"closed","template":"page-templates\/home.php","meta":{"footnotes":""},"class_list":["post-110","page","type-page","status-publish","hentry"],"yoast_head":"<!-- This site is optimized with the Yoast SEO plugin v27.3 - https:\/\/yoast.com\/product\/yoast-seo-wordpress\/ -->\n<title>Ares Alaminos Traveset - Psic\u00f3loga en Barcelona<\/title>\n<meta name=\"description\" content=\"Trabajaremos desde una vertiente integradora, entendiendo al paciente como el centro de la atenci\u00f3n terap\u00e9utica. Focalizando la terapia.\" \/>\n<meta name=\"robots\" content=\"index, follow, max-snippet:-1, max-image-preview:large, max-video-preview:-1\" \/>\n<link rel=\"canonical\" href=\"https:\/\/aresalaminos.com\/es\/\" \/>\n<meta property=\"og:locale\" content=\"es_ES\" \/>\n<meta property=\"og:type\" content=\"article\" \/>\n<meta property=\"og:title\" content=\"Ares Alaminos Traveset - Psic\u00f3loga en Barcelona\" \/>\n<meta property=\"og:description\" content=\"Trabajaremos desde una vertiente integradora, entendiendo al paciente como el centro de la atenci\u00f3n terap\u00e9utica. Focalizando la terapia.\" \/>\n<meta property=\"og:url\" content=\"https:\/\/aresalaminos.com\/es\/\" \/>\n<meta property=\"og:site_name\" content=\"Ares Alaminos\" \/>\n<meta property=\"article:modified_time\" content=\"2024-02-26T15:21:43+00:00\" \/>\n<meta property=\"og:image\" content=\"https:\/\/shtheme.com\/demosd\/insuren\/wp-content\/uploads\/2022\/11\/home-bottom-shape.png\" \/>\n<meta name=\"twitter:card\" content=\"summary_large_image\" \/>\n<meta name=\"twitter:label1\" content=\"Tiempo de lectura\" \/>\n\t<meta name=\"twitter:data1\" content=\"3 minutos\" \/>\n<script type=\"application\/ld+json\" class=\"yoast-schema-graph\">{\"@context\":\"https:\\\/\\\/schema.org\",\"@graph\":[{\"@type\":\"WebPage\",\"@id\":\"https:\\\/\\\/aresalaminos.com\\\/es\\\/\",\"url\":\"https:\\\/\\\/aresalaminos.com\\\/es\\\/\",\"name\":\"Ares Alaminos Traveset - Psic\u00f3loga en Barcelona\",\"isPartOf\":{\"@id\":\"https:\\\/\\\/aresalaminos.com\\\/es\\\/ca\\\/#website\"},\"primaryImageOfPage\":{\"@id\":\"https:\\\/\\\/aresalaminos.com\\\/es\\\/#primaryimage\"},\"image\":{\"@id\":\"https:\\\/\\\/aresalaminos.com\\\/es\\\/#primaryimage\"},\"thumbnailUrl\":\"https:\\\/\\\/shtheme.com\\\/demosd\\\/insuren\\\/wp-content\\\/uploads\\\/2022\\\/11\\\/home-bottom-shape.png\",\"datePublished\":\"2022-08-25T08:01:45+00:00\",\"dateModified\":\"2024-02-26T15:21:43+00:00\",\"description\":\"Trabajaremos desde una vertiente integradora, entendiendo al paciente como el centro de la atenci\u00f3n terap\u00e9utica. Focalizando la terapia.\",\"breadcrumb\":{\"@id\":\"https:\\\/\\\/aresalaminos.com\\\/es\\\/#breadcrumb\"},\"inLanguage\":\"es\",\"potentialAction\":[{\"@type\":\"ReadAction\",\"target\":[\"https:\\\/\\\/aresalaminos.com\\\/es\\\/\"]}]},{\"@type\":\"ImageObject\",\"inLanguage\":\"es\",\"@id\":\"https:\\\/\\\/aresalaminos.com\\\/es\\\/#primaryimage\",\"url\":\"https:\\\/\\\/shtheme.com\\\/demosd\\\/insuren\\\/wp-content\\\/uploads\\\/2022\\\/11\\\/home-bottom-shape.png\",\"contentUrl\":\"https:\\\/\\\/shtheme.com\\\/demosd\\\/insuren\\\/wp-content\\\/uploads\\\/2022\\\/11\\\/home-bottom-shape.png\"},{\"@type\":\"BreadcrumbList\",\"@id\":\"https:\\\/\\\/aresalaminos.com\\\/es\\\/#breadcrumb\",\"itemListElement\":[{\"@type\":\"ListItem\",\"position\":1,\"name\":\"Portada\",\"item\":\"https:\\\/\\\/aresalaminos.com\\\/es\\\/\"},{\"@type\":\"ListItem\",\"position\":2,\"name\":\"Inicio\"}]},{\"@type\":\"WebSite\",\"@id\":\"https:\\\/\\\/aresalaminos.com\\\/es\\\/ca\\\/#website\",\"url\":\"https:\\\/\\\/aresalaminos.com\\\/es\\\/ca\\\/\",\"name\":\"Ares Alaminos\",\"description\":\"\",\"potentialAction\":[{\"@type\":\"SearchAction\",\"target\":{\"@type\":\"EntryPoint\",\"urlTemplate\":\"https:\\\/\\\/aresalaminos.com\\\/es\\\/ca\\\/?s={search_term_string}\"},\"query-input\":{\"@type\":\"PropertyValueSpecification\",\"valueRequired\":true,\"valueName\":\"search_term_string\"}}],\"inLanguage\":\"es\"}]}<\/script>\n<!-- \/ Yoast SEO plugin. -->","yoast_head_json":{"title":"Ares Alaminos Traveset - Psic\u00f3loga en Barcelona","description":"Trabajaremos desde una vertiente integradora, entendiendo al paciente como el centro de la atenci\u00f3n terap\u00e9utica. Focalizando la terapia.","robots":{"index":"index","follow":"follow","max-snippet":"max-snippet:-1","max-image-preview":"max-image-preview:large","max-video-preview":"max-video-preview:-1"},"canonical":"https:\/\/aresalaminos.com\/es\/","og_locale":"es_ES","og_type":"article","og_title":"Ares Alaminos Traveset - Psic\u00f3loga en Barcelona","og_description":"Trabajaremos desde una vertiente integradora, entendiendo al paciente como el centro de la atenci\u00f3n terap\u00e9utica. Focalizando la terapia.","og_url":"https:\/\/aresalaminos.com\/es\/","og_site_name":"Ares Alaminos","article_modified_time":"2024-02-26T15:21:43+00:00","og_image":[{"url":"https:\/\/shtheme.com\/demosd\/insuren\/wp-content\/uploads\/2022\/11\/home-bottom-shape.png","type":"","width":"","height":""}],"twitter_card":"summary_large_image","twitter_misc":{"Tiempo de lectura":"3 minutos"},"schema":{"@context":"https:\/\/schema.org","@graph":[{"@type":"WebPage","@id":"https:\/\/aresalaminos.com\/es\/","url":"https:\/\/aresalaminos.com\/es\/","name":"Ares Alaminos Traveset - Psic\u00f3loga en Barcelona","isPartOf":{"@id":"https:\/\/aresalaminos.com\/es\/ca\/#website"},"primaryImageOfPage":{"@id":"https:\/\/aresalaminos.com\/es\/#primaryimage"},"image":{"@id":"https:\/\/aresalaminos.com\/es\/#primaryimage"},"thumbnailUrl":"https:\/\/shtheme.com\/demosd\/insuren\/wp-content\/uploads\/2022\/11\/home-bottom-shape.png","datePublished":"2022-08-25T08:01:45+00:00","dateModified":"2024-02-26T15:21:43+00:00","description":"Trabajaremos desde una vertiente integradora, entendiendo al paciente como el centro de la atenci\u00f3n terap\u00e9utica. Focalizando la terapia.","breadcrumb":{"@id":"https:\/\/aresalaminos.com\/es\/#breadcrumb"},"inLanguage":"es","potentialAction":[{"@type":"ReadAction","target":["https:\/\/aresalaminos.com\/es\/"]}]},{"@type":"ImageObject","inLanguage":"es","@id":"https:\/\/aresalaminos.com\/es\/#primaryimage","url":"https:\/\/shtheme.com\/demosd\/insuren\/wp-content\/uploads\/2022\/11\/home-bottom-shape.png","contentUrl":"https:\/\/shtheme.com\/demosd\/insuren\/wp-content\/uploads\/2022\/11\/home-bottom-shape.png"},{"@type":"BreadcrumbList","@id":"https:\/\/aresalaminos.com\/es\/#breadcrumb","itemListElement":[{"@type":"ListItem","position":1,"name":"Portada","item":"https:\/\/aresalaminos.com\/es\/"},{"@type":"ListItem","position":2,"name":"Inicio"}]},{"@type":"WebSite","@id":"https:\/\/aresalaminos.com\/es\/ca\/#website","url":"https:\/\/aresalaminos.com\/es\/ca\/","name":"Ares Alaminos","description":"","potentialAction":[{"@type":"SearchAction","target":{"@type":"EntryPoint","urlTemplate":"https:\/\/aresalaminos.com\/es\/ca\/?s={search_term_string}"},"query-input":{"@type":"PropertyValueSpecification","valueRequired":true,"valueName":"search_term_string"}}],"inLanguage":"es"}]}},"_links":{"self":[{"href":"https:\/\/aresalaminos.com\/es\/wp-json\/wp\/v2\/pages\/110","targetHints":{"allow":["GET"]}}],"collection":[{"href":"https:\/\/aresalaminos.com\/es\/wp-json\/wp\/v2\/pages"}],"about":[{"href":"https:\/\/aresalaminos.com\/es\/wp-json\/wp\/v2\/types\/page"}],"author":[{"embeddable":true,"href":"https:\/\/aresalaminos.com\/es\/wp-json\/wp\/v2\/users\/4"}],"replies":[{"embeddable":true,"href":"https:\/\/aresalaminos.com\/es\/wp-json\/wp\/v2\/comments?post=110"}],"version-history":[{"count":2,"href":"https:\/\/aresalaminos.com\/es\/wp-json\/wp\/v2\/pages\/110\/revisions"}],"predecessor-version":[{"id":1948,"href":"https:\/\/aresalaminos.com\/es\/wp-json\/wp\/v2\/pages\/110\/revisions\/1948"}],"wp:attachment":[{"href":"https:\/\/aresalaminos.com\/es\/wp-json\/wp\/v2\/media?parent=110"}],"curies":[{"name":"wp","href":"https:\/\/api.w.org\/{rel}","templated":true}]}}