{"id":1313,"date":"2023-02-28T14:38:02","date_gmt":"2023-02-28T14:38:02","guid":{"rendered":"https:\/\/aresalaminos.com\/?page_id=1313"},"modified":"2023-02-28T15:06:46","modified_gmt":"2023-02-28T15:06:46","slug":"politica-de-privacidad","status":"publish","type":"page","link":"https:\/\/aresalaminos.com\/es\/politica-de-privacidad\/","title":{"rendered":"Pol\u00edtica de Privacidad"},"content":{"rendered":"\t\t<div data-elementor-type=\"wp-page\" data-elementor-id=\"1313\" class=\"elementor elementor-1313\">\n\t\t\t\t\t\t<section class=\"elementor-section elementor-top-section elementor-element elementor-element-7551b6d elementor-section-full_width elementor-section-height-default elementor-section-height-default\" data-id=\"7551b6d\" data-element_type=\"section\" data-e-type=\"section\">\n\t\t\t\t\t\t<div class=\"elementor-container elementor-column-gap-no\">\n\t\t\t\t\t<div class=\"elementor-column elementor-col-100 elementor-top-column elementor-element elementor-element-e7f2a5a\" data-id=\"e7f2a5a\" data-element_type=\"column\" data-e-type=\"column\">\n\t\t\t<div class=\"elementor-widget-wrap elementor-element-populated\">\n\t\t\t\t\t\t<div class=\"elementor-element elementor-element-3a2dddb elementor-align-center elementor-widget elementor-widget-pages-header\" data-id=\"3a2dddb\" data-element_type=\"widget\" data-e-type=\"widget\" data-widget_type=\"pages-header.default\">\n\t\t\t\t<div class=\"elementor-widget-container\">\n\t\t\t\t\t\r\n\t\t\t\t<section class=\"page-title-section\" style=\"background-image: url(https:\/\/aresalaminos.com\/wp-content\/uploads\/2023\/02\/banner-header-2.jpg);\">\r\n\t\t\t\t\t<div class=\"container\">\r\n\t\t\t\t<div class=\"row\">\r\n\t\t\t\t\t<div class=\"col-xl-12\">\r\n\t\t\t\t\t\t<div class=\"breadcrumb-area\">\r\n\t\t\t\t\t\t\t\t\t\t\t\t\t\t<h2 class=\"page-title\">Pol\u00edtica de Privacidad<\/h2>\r\n\t\t\t\t\t\t\t\t\t\t\t\t\t\t<ul class=\"breadcrumbs-link\">\r\n\t\t\t\t\t\t\t\t\t\t\t\t\t\t\t\t\t\t\t\t\t\t\t<\/ul>\r\n\t\t\t\t\t\t<\/div>\r\n\t\t\t\t\t<\/div>\r\n\t\t\t\t<\/div>\r\n\t\t\t<\/div>\r\n\t\t<\/section>\r\n\r\n\t\t\t\t\t<\/div>\n\t\t\t\t<\/div>\n\t\t\t\t\t<\/div>\n\t\t<\/div>\n\t\t\t\t\t<\/div>\n\t\t<\/section>\n\t\t\t\t<section class=\"elementor-section elementor-top-section elementor-element elementor-element-e45b2b7 elementor-section-boxed elementor-section-height-default elementor-section-height-default\" data-id=\"e45b2b7\" data-element_type=\"section\" data-e-type=\"section\">\n\t\t\t\t\t\t<div class=\"elementor-container elementor-column-gap-default\">\n\t\t\t\t\t<div class=\"elementor-column elementor-col-100 elementor-top-column elementor-element elementor-element-570a347\" data-id=\"570a347\" data-element_type=\"column\" data-e-type=\"column\">\n\t\t\t<div class=\"elementor-widget-wrap elementor-element-populated\">\n\t\t\t\t\t\t<div class=\"elementor-element elementor-element-752a0b5 elementor-widget elementor-widget-text-editor\" data-id=\"752a0b5\" data-element_type=\"widget\" data-e-type=\"widget\" data-widget_type=\"text-editor.default\">\n\t\t\t\t<div class=\"elementor-widget-container\">\n\t\t\t\t\t\t\t\t\t<div><div data-push-iden=\"ujB5X2T75i0sjC91VWMFOK\"><div title=\"mar., 28 de feb. de 2023 16:01\"><p>ARES ALAMINOS TRAVESET. est\u00e1 especialmente sensibilizada en la protecci\u00f3n de datos de car\u00e1cter personal de los Usuarios de los servicios del sitio Web. Mediante la presente Pol\u00edtica de Privacidad (en adelante, la Pol\u00edtica) ARES ALAMINOS TRAVESET, informa a los USUARIOS de este sitio web, de los usos a los que se someten los datos de car\u00e1cter personal que se recaban en sitio Web, con el fin de que decidan, libre y voluntariamente, si desean facilitar la informaci\u00f3n solicitada.<\/p><\/div><\/div><\/div><p>ARES ALAMINOS TRAVESET. se reserva la facultad de modificar esta Pol\u00edtica con el objeto de adaptarla a novedades legislativas, criterios jurisprudenciales, pr\u00e1cticas del sector, o intereses de la entidad. Cualquier modificaci\u00f3n en la misma ser\u00e1 anunciada con la debida antelaci\u00f3n, a fin de que tenga perfecto conocimiento de su contenido.<\/p><h4>RESPONSABLE<\/h4><p>El Responsable del Tratamiento de los datos de car\u00e1cter personal es:<\/p><p>Identidad: ARES ALAMINOS TRAVESET. con CIF\/NIF: 45720648Y, en adelante ENTIDAD<\/p><p>Direcci\u00f3n: C\/Ma\u00f1\u00e9 i Flaquer, 17, 08017, Barcelona<\/p><p>E-mail: aresalaminostraveset@gmail.com<\/p><h4>DELEGADO DE PROTECCION DE DATOS<\/h4><h5>\u00a0<\/h5><p>Contacto por email: aresalaminostraveset@gmail.com<\/p><h4>FINALIDAD DEL TRATAMIENTO<\/h4><h5>\u00a0<\/h5><p>La recogida y tratamiento de los datos personales recogidos a trav\u00e9s del formulario de contacto, tiene como finalidad la gesti\u00f3n, administraci\u00f3n, prestaci\u00f3n, ampliaci\u00f3n y mejora de los servicios prestados por ARES ALAMINOS TRAVESET, atendiendo a las solicitudes de informaci\u00f3n y\/o consultas planteadas.<\/p><h4>PLAZO DE CONSERVACI\u00d3N<\/h4><h5>\u00a0<\/h5><p>Los datos personales proporcionados se conservar\u00e1n durante el plazo correspondiente para cumplir con las obligaciones legales, o hasta que se solicite su supresi\u00f3n por el interesado y este est\u00e9 legitimado para ello.<\/p><h4>LEGITIMACI\u00d3N<\/h4><h5>\u00a0<\/h5><p>ARES ALAMINOS TRAVESET. est\u00e1 legitimado al tratamiento de datos personales, en base al consentimiento otorgado por el interesado para uno o varios fines espec\u00edficos, tal y como recoge el art\u00edculo 6.1.a) del Reglamento General de Protecci\u00f3n de datos personales.<\/p><h4>DESTINATARIOS<\/h4><h5>\u00a0<\/h5><p>Los datos personales recabados no ser\u00e1n cedidos o comunicados a otros terceros, salvo en los supuestos necesarios para el desarrollo, control y cumplimiento de la\/s finalidad\/es expresada\/s, en los supuestos previstos seg\u00fan Ley, as\u00ed como en los casos espec\u00edficos, de los que se informe expresamente al Usuario.<\/p><h4>DERECHOS DE LOS USUARIOS:<\/h4><h5>\u00a0<\/h5><p>\u00bfCu\u00e1les son sus derechos cuando nos facilita sus datos?<\/p><p><b>Acceso<\/b>: El interesado tiene derecho a saber qu\u00e9 datos est\u00e1 tratando la ENTIDAD sobre \u00e9l.<\/p><p><b>Rectificaci\u00f3n<\/b>: El interesado tiene derecho a solicitar la rectificaci\u00f3n de los datos inexactos.<\/p><p><b>Supresi\u00f3n<\/b>: El interesado tiene derecho a solicitar la supresi\u00f3n de sus datos cuando, entro otros motivos, los datos no sean necesarios para los fines que fueron recogidos.<\/p><p><b>Limitaci\u00f3n del tratamiento<\/b>: En determinadas circunstancias el interesado podr\u00e1 solicitar la limitaci\u00f3n del tratamiento de sus datos, en cuyo caso \u00fanicamente los conservaremos para el ejercicio o la defensa de reclamaciones.<\/p><p><b>Oposici\u00f3n<\/b>: En determinadas circunstancias el interesado podr\u00e1 oponerse al tratamiento de sus datos. En ese caso la ENTIDAD dejar\u00e1 de tratar sus datos, salvo por motivos leg\u00edtimos imperiosos o el ejercicio o la defensa de posibles reclamaciones.<\/p><p><b>Portabilidad de los datos<\/b>: S\u00f3lo aplicable a datos automatizados y consiste en pasar los datos desde la ENTIDAD a otro nuevo RESPONSABLE DEL TRATAMIENTO (no al interesado y por solicitud del mismo).<\/p><p>Puede usted ejercer sus derechos inclu\u00eddo el derecho a retirar su consentimiento (si este fue otorgado) enviando un escrito acompa\u00f1ado de su DNI a ARES ALAMINOS TRAVESET\u00a0en C\/Ma\u00f1\u00e9 i Flaquer, 17, 08017, Barcelona\u00a0o enviando un e-mail a aresalaminostraveset@gmail.com<\/p><p>Adem\u00e1s tiene usted derecho a presentar una reclamaci\u00f3n ante la Autoridad de Control en materia de Protecci\u00f3n de Datos, actualmente la Agencia Espa\u00f1ola de Protecci\u00f3n de Datos.<\/p><h4>MEDIDAS DE SEGURIDAD<\/h4><h5>\u00a0<\/h5><p>El responsable del tratamiento ARES ALAMINOS TRAVESET\u00a0aplicar\u00e1 medidas t\u00e9cnicas y organizativas apropiadas para garantizar un nivel de seguridad adecuado al riesgo del mismo.<\/p><h5>\u00a0<\/h5><h4>TRANSFERENCIAS INTERNACIONALES<\/h4><p>No se realizan transferencias internacionales.<\/p><h5>\u00a0<\/h5><h4>PERFILES Y TOMAS DE DECISIONES AUTOMATIZADAS<\/h4><p>No se elaboran perfiles, No se toman decisiones automatizadas con los datos facilitados por el usuario.<\/p>\t\t\t\t\t\t\t\t<\/div>\n\t\t\t\t<\/div>\n\t\t\t\t\t<\/div>\n\t\t<\/div>\n\t\t\t\t\t<\/div>\n\t\t<\/section>\n\t\t\t\t<\/div>\n\t\t","protected":false},"excerpt":{"rendered":"<p>Pol\u00edtica de Privacidad ARES ALAMINOS TRAVESET. est\u00e1 especialmente sensibilizada en la protecci\u00f3n de datos de car\u00e1cter personal de los Usuarios de los servicios del sitio Web. Mediante la presente Pol\u00edtica de Privacidad (en adelante, la Pol\u00edtica) ARES ALAMINOS TRAVESET, informa a los USUARIOS de este sitio web, de los usos a los que se someten [&hellip;]<\/p>\n","protected":false},"author":4,"featured_media":0,"parent":0,"menu_order":0,"comment_status":"closed","ping_status":"closed","template":"elementor_header_footer","meta":{"footnotes":""},"class_list":["post-1313","page","type-page","status-publish","hentry"],"yoast_head":"<!-- This site is optimized with the Yoast SEO plugin v27.3 - https:\/\/yoast.com\/product\/yoast-seo-wordpress\/ -->\n<title>Pol\u00edtica de Privacidad - Ares Alaminos<\/title>\n<meta name=\"robots\" content=\"index, follow, max-snippet:-1, max-image-preview:large, max-video-preview:-1\" \/>\n<link rel=\"canonical\" href=\"https:\/\/aresalaminos.com\/es\/politica-de-privacidad\/\" \/>\n<meta property=\"og:locale\" content=\"es_ES\" \/>\n<meta property=\"og:type\" content=\"article\" \/>\n<meta property=\"og:title\" content=\"Pol\u00edtica de Privacidad - Ares Alaminos\" \/>\n<meta property=\"og:description\" content=\"Pol\u00edtica de Privacidad ARES ALAMINOS TRAVESET. est\u00e1 especialmente sensibilizada en la protecci\u00f3n de datos de car\u00e1cter personal de los Usuarios de los servicios del sitio Web. Mediante la presente Pol\u00edtica de Privacidad (en adelante, la Pol\u00edtica) ARES ALAMINOS TRAVESET, informa a los USUARIOS de este sitio web, de los usos a los que se someten [&hellip;]\" \/>\n<meta property=\"og:url\" content=\"https:\/\/aresalaminos.com\/es\/politica-de-privacidad\/\" \/>\n<meta property=\"og:site_name\" content=\"Ares Alaminos\" \/>\n<meta property=\"article:modified_time\" content=\"2023-02-28T15:06:46+00:00\" \/>\n<meta name=\"twitter:card\" content=\"summary_large_image\" \/>\n<meta name=\"twitter:label1\" content=\"Tiempo de lectura\" \/>\n\t<meta name=\"twitter:data1\" content=\"3 minutos\" \/>\n<script type=\"application\/ld+json\" class=\"yoast-schema-graph\">{\"@context\":\"https:\\\/\\\/schema.org\",\"@graph\":[{\"@type\":\"WebPage\",\"@id\":\"https:\\\/\\\/aresalaminos.com\\\/es\\\/politica-de-privacidad\\\/\",\"url\":\"https:\\\/\\\/aresalaminos.com\\\/es\\\/politica-de-privacidad\\\/\",\"name\":\"Pol\u00edtica de Privacidad - Ares Alaminos\",\"isPartOf\":{\"@id\":\"https:\\\/\\\/aresalaminos.com\\\/es\\\/ca\\\/#website\"},\"datePublished\":\"2023-02-28T14:38:02+00:00\",\"dateModified\":\"2023-02-28T15:06:46+00:00\",\"breadcrumb\":{\"@id\":\"https:\\\/\\\/aresalaminos.com\\\/es\\\/politica-de-privacidad\\\/#breadcrumb\"},\"inLanguage\":\"es\",\"potentialAction\":[{\"@type\":\"ReadAction\",\"target\":[\"https:\\\/\\\/aresalaminos.com\\\/es\\\/politica-de-privacidad\\\/\"]}]},{\"@type\":\"BreadcrumbList\",\"@id\":\"https:\\\/\\\/aresalaminos.com\\\/es\\\/politica-de-privacidad\\\/#breadcrumb\",\"itemListElement\":[{\"@type\":\"ListItem\",\"position\":1,\"name\":\"Portada\",\"item\":\"https:\\\/\\\/aresalaminos.com\\\/es\\\/\"},{\"@type\":\"ListItem\",\"position\":2,\"name\":\"Pol\u00edtica de Privacidad\"}]},{\"@type\":\"WebSite\",\"@id\":\"https:\\\/\\\/aresalaminos.com\\\/es\\\/ca\\\/#website\",\"url\":\"https:\\\/\\\/aresalaminos.com\\\/es\\\/ca\\\/\",\"name\":\"Ares Alaminos\",\"description\":\"\",\"potentialAction\":[{\"@type\":\"SearchAction\",\"target\":{\"@type\":\"EntryPoint\",\"urlTemplate\":\"https:\\\/\\\/aresalaminos.com\\\/es\\\/ca\\\/?s={search_term_string}\"},\"query-input\":{\"@type\":\"PropertyValueSpecification\",\"valueRequired\":true,\"valueName\":\"search_term_string\"}}],\"inLanguage\":\"es\"}]}<\/script>\n<!-- \/ Yoast SEO plugin. -->","yoast_head_json":{"title":"Pol\u00edtica de Privacidad - Ares Alaminos","robots":{"index":"index","follow":"follow","max-snippet":"max-snippet:-1","max-image-preview":"max-image-preview:large","max-video-preview":"max-video-preview:-1"},"canonical":"https:\/\/aresalaminos.com\/es\/politica-de-privacidad\/","og_locale":"es_ES","og_type":"article","og_title":"Pol\u00edtica de Privacidad - Ares Alaminos","og_description":"Pol\u00edtica de Privacidad ARES ALAMINOS TRAVESET. est\u00e1 especialmente sensibilizada en la protecci\u00f3n de datos de car\u00e1cter personal de los Usuarios de los servicios del sitio Web. Mediante la presente Pol\u00edtica de Privacidad (en adelante, la Pol\u00edtica) ARES ALAMINOS TRAVESET, informa a los USUARIOS de este sitio web, de los usos a los que se someten [&hellip;]","og_url":"https:\/\/aresalaminos.com\/es\/politica-de-privacidad\/","og_site_name":"Ares Alaminos","article_modified_time":"2023-02-28T15:06:46+00:00","twitter_card":"summary_large_image","twitter_misc":{"Tiempo de lectura":"3 minutos"},"schema":{"@context":"https:\/\/schema.org","@graph":[{"@type":"WebPage","@id":"https:\/\/aresalaminos.com\/es\/politica-de-privacidad\/","url":"https:\/\/aresalaminos.com\/es\/politica-de-privacidad\/","name":"Pol\u00edtica de Privacidad - Ares Alaminos","isPartOf":{"@id":"https:\/\/aresalaminos.com\/es\/ca\/#website"},"datePublished":"2023-02-28T14:38:02+00:00","dateModified":"2023-02-28T15:06:46+00:00","breadcrumb":{"@id":"https:\/\/aresalaminos.com\/es\/politica-de-privacidad\/#breadcrumb"},"inLanguage":"es","potentialAction":[{"@type":"ReadAction","target":["https:\/\/aresalaminos.com\/es\/politica-de-privacidad\/"]}]},{"@type":"BreadcrumbList","@id":"https:\/\/aresalaminos.com\/es\/politica-de-privacidad\/#breadcrumb","itemListElement":[{"@type":"ListItem","position":1,"name":"Portada","item":"https:\/\/aresalaminos.com\/es\/"},{"@type":"ListItem","position":2,"name":"Pol\u00edtica de Privacidad"}]},{"@type":"WebSite","@id":"https:\/\/aresalaminos.com\/es\/ca\/#website","url":"https:\/\/aresalaminos.com\/es\/ca\/","name":"Ares Alaminos","description":"","potentialAction":[{"@type":"SearchAction","target":{"@type":"EntryPoint","urlTemplate":"https:\/\/aresalaminos.com\/es\/ca\/?s={search_term_string}"},"query-input":{"@type":"PropertyValueSpecification","valueRequired":true,"valueName":"search_term_string"}}],"inLanguage":"es"}]}},"_links":{"self":[{"href":"https:\/\/aresalaminos.com\/es\/wp-json\/wp\/v2\/pages\/1313","targetHints":{"allow":["GET"]}}],"collection":[{"href":"https:\/\/aresalaminos.com\/es\/wp-json\/wp\/v2\/pages"}],"about":[{"href":"https:\/\/aresalaminos.com\/es\/wp-json\/wp\/v2\/types\/page"}],"author":[{"embeddable":true,"href":"https:\/\/aresalaminos.com\/es\/wp-json\/wp\/v2\/users\/4"}],"replies":[{"embeddable":true,"href":"https:\/\/aresalaminos.com\/es\/wp-json\/wp\/v2\/comments?post=1313"}],"version-history":[{"count":0,"href":"https:\/\/aresalaminos.com\/es\/wp-json\/wp\/v2\/pages\/1313\/revisions"}],"wp:attachment":[{"href":"https:\/\/aresalaminos.com\/es\/wp-json\/wp\/v2\/media?parent=1313"}],"curies":[{"name":"wp","href":"https:\/\/api.w.org\/{rel}","templated":true}]}}